{"id":185,"date":"2020-03-23T19:00:15","date_gmt":"2020-03-23T18:00:15","guid":{"rendered":"http:\/\/localhost\/wordpress\/?page_id=185"},"modified":"2023-03-15T19:02:06","modified_gmt":"2023-03-15T18:02:06","slug":"engineering","status":"publish","type":"page","link":"https:\/\/keraterra.com\/index.php\/engineering\/","title":{"rendered":"ENGINEERING"},"content":{"rendered":"\n<p>Notre bureau d\u2019\u00e9tude s\u2019efforce \u00e0 fournir au ma\u00eetre d\u2019ouvrage ou ma\u00eetre d\u2019\u0153uvre les donn\u00e9es relatives au comportement du sol qui lui sont n\u00e9cessaires pour la conception et la construction des ouvrages et celles relatives \u00e0 leur incidence sur l\u2019environnement.<\/p>\n\n\n\n<div class=\"wp-block-image\"><figure class=\"aligncenter size-large\"><img loading=\"lazy\" width=\"450\" height=\"250\" src=\"https:\/\/keraterra.com\/wp-content\/uploads\/2020\/03\/img1.png\" alt=\"\" class=\"wp-image-83\" srcset=\"https:\/\/keraterra.com\/wp-content\/uploads\/2020\/03\/img1.png 450w, https:\/\/keraterra.com\/wp-content\/uploads\/2020\/03\/img1-300x167.png 300w\" sizes=\"(max-width: 450px) 100vw, 450px\" \/><\/figure><\/div>\n\n\n\n<h3>2023 :<\/h3>\n\n\n\n<ul><li>Essais de chargement statique sur pieux ; Jijel <a href=\"https:\/\/keraterra.com\/wp-content\/uploads\/2020\/12\/230220-498-300-FIN-01-SLK.pdf\" target=\"_blank\" rel=\"noreferrer noopener\"><img loading=\"lazy\" width=\"100\" height=\"104\" class=\"wp-image-475\" style=\"width: 35px;\" src=\"https:\/\/keraterra.com\/wp-content\/uploads\/2020\/04\/89669382-ic\u00f4ne-de-t\u00e9l\u00e9chargement-pdf-isol\u00e9e-sur-illustration-abstraite-sp\u00e9ciale-bouton-carr\u00e9-marron-e1599832899951.jpg\" alt=\"download\"><\/a> <\/li><\/ul>\n\n\n\n<h3>2022 :<\/h3>\n\n\n\n<ul><li>Dimensionnement de  l&#8217;ecran de soutenement de la fouille ; Blida <a rel=\"noreferrer noopener\" href=\"https:\/\/keraterra.com\/wp-content\/uploads\/2020\/12\/220110-568-257-FIN-01-SLK.pdf\" target=\"_blank\"><img loading=\"lazy\" width=\"100\" height=\"104\" class=\"wp-image-475\" style=\"width: 35px;\" src=\"https:\/\/keraterra.com\/wp-content\/uploads\/2020\/04\/89669382-ic\u00f4ne-de-t\u00e9l\u00e9chargement-pdf-isol\u00e9e-sur-illustration-abstraite-sp\u00e9ciale-bouton-carr\u00e9-marron-e1599832899951.jpg\" alt=\"download\"><\/a><\/li><li>Campagne de controle d&#8217;essais d&#8217;arrachement de controle d&#8217;ancrage  <a href=\"https:\/\/keraterra.com\/wp-content\/uploads\/2020\/12\/22-330-242-FIN-01-MYN.pdf\"><img loading=\"lazy\" width=\"100\" height=\"104\" class=\"wp-image-475\" style=\"width: 35px;\" src=\"https:\/\/keraterra.com\/wp-content\/uploads\/2020\/04\/89669382-ic\u00f4ne-de-t\u00e9l\u00e9chargement-pdf-isol\u00e9e-sur-illustration-abstraite-sp\u00e9ciale-bouton-carr\u00e9-marron-e1599832899951.jpg\" alt=\"download\"><\/a><\/li><\/ul>\n\n\n\n<h3>2021 :<\/h3>\n\n\n\n<ul><li>\u00c9tude hydrog\u00e9ologique, r\u00e9alisation de forage d&#8217;eau 400m de profondeur ; Adrar   <a href=\"https:\/\/keraterra.com\/wp-content\/uploads\/2020\/12\/21-322-212-FIN-01-AMI.pdf\"><img loading=\"lazy\" width=\"100\" height=\"104\" class=\"wp-image-475\" style=\"width: 35px;\" src=\"https:\/\/keraterra.com\/wp-content\/uploads\/2020\/04\/89669382-ic\u00f4ne-de-t\u00e9l\u00e9chargement-pdf-isol\u00e9e-sur-illustration-abstraite-sp\u00e9ciale-bouton-carr\u00e9-marron-e1599832899951.jpg\" alt=\"download\"><\/a><\/li><li>\u00c9tude de confortement de la falaise pour protection ; Cap Figalo, Ain temouchent   <a href=\"https:\/\/keraterra.com\/wp-content\/uploads\/2020\/12\/21-213-184-FIN-01-AMI.pdf\"><img loading=\"lazy\" width=\"100\" height=\"104\" class=\"wp-image-475\" style=\"width: 35px;\" src=\"https:\/\/keraterra.com\/wp-content\/uploads\/2020\/04\/89669382-ic\u00f4ne-de-t\u00e9l\u00e9chargement-pdf-isol\u00e9e-sur-illustration-abstraite-sp\u00e9ciale-bouton-carr\u00e9-marron-e1599832899951.jpg\" alt=\"download\"><\/a><\/li><li>campagne de contr\u00f4le d&#8217;int\u00e9grit\u00e9 de pieux, SARL BENFERHAT KHEIRA ; base navale principale Jijel   <a href=\"https:\/\/keraterra.com\/wp-content\/uploads\/2020\/12\/210103-457-193-FIN-01-SLK.pdf\"><img loading=\"lazy\" width=\"100\" height=\"104\" class=\"wp-image-475\" style=\"width: 35px;\" src=\"https:\/\/keraterra.com\/wp-content\/uploads\/2020\/04\/89669382-ic\u00f4ne-de-t\u00e9l\u00e9chargement-pdf-isol\u00e9e-sur-illustration-abstraite-sp\u00e9ciale-bouton-carr\u00e9-marron-e1599832899951.jpg\" alt=\"download\"><\/a><\/li><li>Travaux de confortement de falaise, communes de Larbaa &amp; Souhane, SARL TRAVOMED ; Blida   <a href=\"https:\/\/keraterra.com\/wp-content\/uploads\/2020\/12\/21-461-201-FIN-01-SLK.pdf\"><img loading=\"lazy\" width=\"100\" height=\"104\" class=\"wp-image-475\" style=\"width: 35px;\" src=\"https:\/\/keraterra.com\/wp-content\/uploads\/2020\/04\/89669382-ic\u00f4ne-de-t\u00e9l\u00e9chargement-pdf-isol\u00e9e-sur-illustration-abstraite-sp\u00e9ciale-bouton-carr\u00e9-marron-e1599832899951.jpg\" alt=\"download\"><\/a> <\/li><li>Etude de stabilit\u00e9 des terrassements &amp; de confortement contre les chutes de pierres ; Bechar  <a rel=\"noreferrer noopener\" href=\"https:\/\/keraterra.com\/wp-content\/uploads\/2020\/12\/22-318-179-FIN-01-SLK-vue-AMI-2.pdf\" data-type=\"URL\" target=\"_blank\"><img loading=\"lazy\" width=\"100\" height=\"104\" class=\"wp-image-475\" style=\"width: 35px;\" src=\"https:\/\/keraterra.com\/wp-content\/uploads\/2020\/04\/89669382-ic\u00f4ne-de-t\u00e9l\u00e9chargement-pdf-isol\u00e9e-sur-illustration-abstraite-sp\u00e9ciale-bouton-carr\u00e9-marron-e1599832899951.jpg\" alt=\"download\"><\/a><\/li><\/ul>\n\n\n\n<h3>2020 :<\/h3>\n\n\n\n<ul><li>campagne d&#8217;investigation G\u00e9otechnique d&#8217;un lotissement de villas \u00e0 Blida, Promotion AZHAR PLUS. <\/li><li>\u00c9tude et dimensionnement du sout\u00e8nement en fouille urbaine, Promotion AZHAR PLUS ; Blida  <a href=\"https:\/\/keraterra.com\/wp-content\/uploads\/2021\/08\/FIN-01-133-19-SLK-541.pdf\" data-type=\"URL\" data-id=\"https:\/\/keraterra.com\/wp-content\/uploads\/2021\/08\/FIN-01-133-19-SLK-541.pdf\"><img loading=\"lazy\" width=\"100\" height=\"104\" class=\"wp-image-475\" style=\"width: 35px;\" src=\"https:\/\/keraterra.com\/wp-content\/uploads\/2020\/04\/89669382-ic\u00f4ne-de-t\u00e9l\u00e9chargement-pdf-isol\u00e9e-sur-illustration-abstraite-sp\u00e9ciale-bouton-carr\u00e9-marron-e1599832899951.jpg\" alt=\"download\"><\/a><\/li><li>\u00c9tude de confortement de la falaise molassique, de l\u2019annexe du stade communal de Hydra.   <a class=\"rank-math-link\" href=\"https:\/\/keraterra.com\/wp-content\/uploads\/2020\/11\/Etude-de-confortement-de-la-falaise-molassique-de-lannexe-du-stade-communal-de-Hydra.pdf\"><img loading=\"lazy\" width=\"100\" height=\"104\" class=\"wp-image-475\" style=\"width: 35px;\" src=\"https:\/\/keraterra.com\/wp-content\/uploads\/2020\/04\/89669382-ic\u00f4ne-de-t\u00e9l\u00e9chargement-pdf-isol\u00e9e-sur-illustration-abstraite-sp\u00e9ciale-bouton-carr\u00e9-marron-e1599832899951.jpg\" alt=\"download\"><\/a><\/li><li>\u00c9tude de confortement de la falaise \u00e0 Beni-Saf, Hai Sidi Boucif ; Ain temouchent   <a class=\"rank-math-link\" href=\"https:\/\/keraterra.com\/wp-content\/uploads\/2020\/11\/20-441-151-FIN-01-SLK.pdf\"><img loading=\"lazy\" width=\"100\" height=\"104\" class=\"wp-image-475\" style=\"width: 35px;\" src=\"https:\/\/keraterra.com\/wp-content\/uploads\/2020\/04\/89669382-ic\u00f4ne-de-t\u00e9l\u00e9chargement-pdf-isol\u00e9e-sur-illustration-abstraite-sp\u00e9ciale-bouton-carr\u00e9-marron-e1599832899951.jpg\" alt=\"download\"><\/a><\/li><\/ul>\n\n\n\n<h3>2019 :<\/h3>\n\n\n\n<ul><li>\u00c9tude de stabilit\u00e9 de talus du Poste \u00e9lectrique 220\/60kv, Sidi Rached, Htatba ; Tipaza   <a href=\"https:\/\/keraterra.com\/wp-content\/uploads\/2021\/08\/21-602-068-FIN-01-SLK.pdf\" data-type=\"URL\" data-id=\"https:\/\/keraterra.com\/wp-content\/uploads\/2021\/08\/21-602-068-FIN-01-SLK.pdf\"><img loading=\"lazy\" width=\"100\" height=\"104\" class=\"wp-image-475\" style=\"width: 35px;\" src=\"https:\/\/keraterra.com\/wp-content\/uploads\/2020\/04\/89669382-ic\u00f4ne-de-t\u00e9l\u00e9chargement-pdf-isol\u00e9e-sur-illustration-abstraite-sp\u00e9ciale-bouton-carr\u00e9-marron-e1599832899951.jpg\" alt=\"download\"><\/a> <\/li><li>\u00c9tude et dimensionnement du sout\u00e8nement en fouille urbaine, SCI-BEF \u00e0 El-Biar ; Alger  <\/li><li>\u00c9tude et dimensionnement du sout\u00e8nement en fouille urbaine, Promotion AYMEN ; Alger<\/li><li>\u00c9tude de stabilit\u00e9 d&#8217;une paroi molassique astienne, SARL HYGIANIS, El-Biar ; Alger   <a href=\"https:\/\/keraterra.com\/wp-content\/uploads\/2021\/08\/FIN-01-097-18-SK-428.pdf\" data-type=\"URL\" data-id=\"https:\/\/keraterra.com\/wp-content\/uploads\/2021\/08\/FIN-01-097-18-SK-428.pdf\"><img loading=\"lazy\" width=\"100\" height=\"104\" class=\"wp-image-475\" style=\"width: 35px;\" src=\"https:\/\/keraterra.com\/wp-content\/uploads\/2020\/04\/89669382-ic\u00f4ne-de-t\u00e9l\u00e9chargement-pdf-isol\u00e9e-sur-illustration-abstraite-sp\u00e9ciale-bouton-carr\u00e9-marron-e1599832899951.jpg\" alt=\"download\"><\/a><\/li><\/ul>\n\n\n\n<h3>2018 :<\/h3>\n\n\n\n<ul><li>\u00c9tude G\u00e9otechnique G1 d\u2019une usine de chaux SARL GIRE GRARA ; Gharda\u00efa   <a href=\"https:\/\/keraterra.com\/wp-content\/uploads\/2020\/11\/fiche-info-GIRE-grara.pdf\" data-type=\"URL\" data-id=\"https:\/\/keraterra.com\/wp-content\/uploads\/2020\/11\/fiche-info-GIRE-grara.pdf\"><img loading=\"lazy\" width=\"100\" height=\"104\" class=\"wp-image-475\" style=\"width: 35px;\" src=\"https:\/\/keraterra.com\/wp-content\/uploads\/2020\/04\/89669382-ic\u00f4ne-de-t\u00e9l\u00e9chargement-pdf-isol\u00e9e-sur-illustration-abstraite-sp\u00e9ciale-bouton-carr\u00e9-marron-e1599832899951.jpg\" alt=\"download\"><\/a><\/li><li>\u00c9tude de stabilit\u00e9 de talus du Poste \u00e9lectrique 60\/30kv, iflissen, Tigzirt ; Tizi-Ouzou   <a href=\"https:\/\/keraterra.com\/wp-content\/uploads\/2020\/03\/7.-FIN-01-066-18-SLK-602.pdf\"><img loading=\"lazy\" width=\"100\" height=\"104\" class=\"wp-image-475\" style=\"width: 35px;\" src=\"https:\/\/keraterra.com\/wp-content\/uploads\/2020\/04\/89669382-ic\u00f4ne-de-t\u00e9l\u00e9chargement-pdf-isol\u00e9e-sur-illustration-abstraite-sp\u00e9ciale-bouton-carr\u00e9-marron-e1599832899951.jpg\" alt=\"download\"><\/a><\/li><li>Campagne d\u2019investigation g\u00e9otechnique et calcul du tassement sous le massif Nouvelle centrale en cycle combine de kais. ; Khenchla   <a href=\"https:\/\/keraterra.com\/wp-content\/uploads\/2020\/03\/6.-FIN-01-079-18-SLK-401.pdf\"><img loading=\"lazy\" width=\"100\" height=\"104\" class=\"wp-image-475\" style=\"width: 35px;\" src=\"https:\/\/keraterra.com\/wp-content\/uploads\/2020\/04\/89669382-ic\u00f4ne-de-t\u00e9l\u00e9chargement-pdf-isol\u00e9e-sur-illustration-abstraite-sp\u00e9ciale-bouton-carr\u00e9-marron-e1599832899951.jpg\" alt=\"download\"><\/a><\/li><li>\u00c9tude G\u00e9otechnique G1 de l\u2019extension du si\u00e8ge d\u2019APC de Messelmoune ; Tipaza   <a href=\"https:\/\/keraterra.com\/wp-content\/uploads\/2020\/03\/5.-FIN-01-039-17-SK-306.pdf\"><img loading=\"lazy\" width=\"100\" height=\"104\" class=\"wp-image-475\" style=\"width: 35px;\" src=\"https:\/\/keraterra.com\/wp-content\/uploads\/2020\/04\/89669382-ic\u00f4ne-de-t\u00e9l\u00e9chargement-pdf-isol\u00e9e-sur-illustration-abstraite-sp\u00e9ciale-bouton-carr\u00e9-marron-e1599832899951.jpg\" alt=\"download\"><\/a><\/li><\/ul>\n\n\n\n<h3>2017 :<\/h3>\n\n\n\n<ul><li>\u00c9tude de stabilit\u00e9 des talus de la ville nouvelle de Bouinan ; Blida  <a href=\"https:\/\/keraterra.com\/wp-content\/uploads\/2020\/03\/4.-FIN-01-007-17-SK-305.pdf\"><img loading=\"lazy\" width=\"100\" height=\"104\" class=\"wp-image-475\" style=\"width: 35px;\" src=\"https:\/\/keraterra.com\/wp-content\/uploads\/2020\/04\/89669382-ic\u00f4ne-de-t\u00e9l\u00e9chargement-pdf-isol\u00e9e-sur-illustration-abstraite-sp\u00e9ciale-bouton-carr\u00e9-marron-e1599832899951.jpg\" alt=\"\"><\/a><\/li><li>\u00c9tude g\u00e9otechnique &amp; campagne d\u2019investigation g\u00e9otechnique, de fondation et sout\u00e8nement en fouille urbaine, du projet \u2018\u2018EL PALACIO\u2019\u2019 ; Oran  <a href=\"https:\/\/keraterra.com\/wp-content\/uploads\/2020\/03\/3.-FIN-01-006-17-SK-402.pdf\"><img loading=\"lazy\" width=\"100\" height=\"104\" class=\"wp-image-475\" style=\"width: 35px;\" src=\"https:\/\/keraterra.com\/wp-content\/uploads\/2020\/04\/89669382-ic\u00f4ne-de-t\u00e9l\u00e9chargement-pdf-isol\u00e9e-sur-illustration-abstraite-sp\u00e9ciale-bouton-carr\u00e9-marron-e1599832899951.jpg\" alt=\"\"><\/a><\/li><li>\u00c9tude et dimensionnement du sout\u00e8nement en fouille urbaine, de la promotion immobili\u00e8re DJOUDI ; Alger  <a href=\"https:\/\/keraterra.com\/wp-content\/uploads\/2020\/03\/2.-.pdf\"><img loading=\"lazy\" width=\"100\" height=\"104\" class=\"wp-image-475\" style=\"width: 35px;\" src=\"https:\/\/keraterra.com\/wp-content\/uploads\/2020\/04\/89669382-ic\u00f4ne-de-t\u00e9l\u00e9chargement-pdf-isol\u00e9e-sur-illustration-abstraite-sp\u00e9ciale-bouton-carr\u00e9-marron-e1599832899951.jpg\" alt=\"\"><\/a><\/li><li>\u00c9tude et dimensionnement des parements de l\u2019excavation, du Centre de transmission \u00e0 Boufarik ; Blida  <a href=\"https:\/\/keraterra.com\/wp-content\/uploads\/2020\/03\/1.-FIN-01-019-17-SK-405-1.pdf\" data-type=\"URL\" data-id=\"https:\/\/keraterra.com\/wp-content\/uploads\/2020\/03\/1.-FIN-01-019-17-SK-405-1.pdf\"><img loading=\"lazy\" width=\"100\" height=\"104\" class=\"wp-image-475\" style=\"width: 35px;\" src=\"https:\/\/keraterra.com\/wp-content\/uploads\/2020\/04\/89669382-ic\u00f4ne-de-t\u00e9l\u00e9chargement-pdf-isol\u00e9e-sur-illustration-abstraite-sp\u00e9ciale-bouton-carr\u00e9-marron-e1599832899951.jpg\" alt=\"\"><\/a><\/li><\/ul>\n","protected":false},"excerpt":{"rendered":"<p>Notre bureau d\u2019\u00e9tude s\u2019efforce \u00e0 fournir au ma\u00eetre d\u2019ouvrage ou ma\u00eetre d\u2019\u0153uvre les donn\u00e9es relatives au comportement du sol qui lui sont n\u00e9cessaires pour la conception et la construction des ouvrages et celles relatives \u00e0 leur incidence sur l\u2019environnement. 2023 : Essais de chargement statique sur pieux ; Jijel 2022 : Dimensionnement de l&#8217;ecran de [&hellip;]<\/p>\n","protected":false},"author":1,"featured_media":0,"parent":0,"menu_order":0,"comment_status":"closed","ping_status":"closed","template":"","meta":{"spay_email":""},"_links":{"self":[{"href":"https:\/\/keraterra.com\/index.php\/wp-json\/wp\/v2\/pages\/185"}],"collection":[{"href":"https:\/\/keraterra.com\/index.php\/wp-json\/wp\/v2\/pages"}],"about":[{"href":"https:\/\/keraterra.com\/index.php\/wp-json\/wp\/v2\/types\/page"}],"author":[{"embeddable":true,"href":"https:\/\/keraterra.com\/index.php\/wp-json\/wp\/v2\/users\/1"}],"replies":[{"embeddable":true,"href":"https:\/\/keraterra.com\/index.php\/wp-json\/wp\/v2\/comments?post=185"}],"version-history":[{"count":51,"href":"https:\/\/keraterra.com\/index.php\/wp-json\/wp\/v2\/pages\/185\/revisions"}],"predecessor-version":[{"id":1639,"href":"https:\/\/keraterra.com\/index.php\/wp-json\/wp\/v2\/pages\/185\/revisions\/1639"}],"wp:attachment":[{"href":"https:\/\/keraterra.com\/index.php\/wp-json\/wp\/v2\/media?parent=185"}],"curies":[{"name":"wp","href":"https:\/\/api.w.org\/{rel}","templated":true}]}}